{"id":4882,"date":"2024-09-25T09:23:49","date_gmt":"2024-09-25T07:23:49","guid":{"rendered":"https:\/\/bowa-academy.com\/e-learning\/electrocirugia-formacion-cme\/"},"modified":"2026-03-06T14:36:31","modified_gmt":"2026-03-06T13:36:31","slug":"electrocirugia-formacion-cme","status":"publish","type":"page","link":"https:\/\/bowa-academy.com\/es\/e-learning\/electrocirugia-formacion-cme\/","title":{"rendered":"Electrocirug\u00eda &#8211; Formaci\u00f3n CME"},"content":{"rendered":"\t\t<div data-elementor-type=\"wp-page\" data-elementor-id=\"4882\" class=\"elementor elementor-4882 elementor-1532\" data-elementor-post-type=\"page\">\n\t\t\t\t<div class=\"elementor-element elementor-element-aa24136 e-flex e-con-boxed e-con e-parent\" data-id=\"aa24136\" data-element_type=\"container\" data-settings=\"{&quot;background_background&quot;:&quot;classic&quot;}\">\n\t\t\t\t\t<div class=\"e-con-inner\">\n\t\t\t\t<div class=\"elementor-element elementor-element-bb51bc8 elementor-widget elementor-widget-heading\" data-id=\"bb51bc8\" data-element_type=\"widget\" data-widget_type=\"heading.default\">\n\t\t\t\t\t<h1 class=\"elementor-heading-title elementor-size-default\">Capacitaci\u00f3n CME de electrocirug\u00eda<\/h1>\t\t\t\t<\/div>\n\t\t\t\t<div class=\"elementor-element elementor-element-7698b57 elementor-widget elementor-widget-text-editor\" data-id=\"7698b57\" data-element_type=\"widget\" data-widget_type=\"text-editor.default\">\n\t\t\t\t\t\t\t\t\t<p class=\"elementor-heading-title elementor-size-default\">Curso CME online para m\u00e9dicos<\/p>\t\t\t\t\t\t\t\t<\/div>\n\t\t<div class=\"elementor-element elementor-element-c1aa7b9 e-con-full e-flex e-con e-child\" data-id=\"c1aa7b9\" data-element_type=\"container\">\n\t\t\t\t<div class=\"elementor-element elementor-element-592ab71 elementor-align-justify elementor-widget__width-initial elementor-widget elementor-widget-button\" data-id=\"592ab71\" data-element_type=\"widget\" data-widget_type=\"button.default\">\n\t\t\t\t\t\t\t\t\t\t<a class=\"elementor-button elementor-size-sm\" role=\"button\">\n\t\t\t\t\t\t<span class=\"elementor-button-content-wrapper\">\n\t\t\t\t\t\t<span class=\"elementor-button-icon\">\n\t\t\t\t<svg aria-hidden=\"true\" class=\"e-font-icon-svg e-fas-user-graduate\" viewBox=\"0 0 448 512\" xmlns=\"http:\/\/www.w3.org\/2000\/svg\"><path d=\"M319.4 320.6L224 416l-95.4-95.4C57.1 323.7 0 382.2 0 454.4v9.6c0 26.5 21.5 48 48 48h352c26.5 0 48-21.5 48-48v-9.6c0-72.2-57.1-130.7-128.6-133.8zM13.6 79.8l6.4 1.5v58.4c-7 4.2-12 11.5-12 20.3 0 8.4 4.6 15.4 11.1 19.7L3.5 242c-1.7 6.9 2.1 14 7.6 14h41.8c5.5 0 9.3-7.1 7.6-14l-15.6-62.3C51.4 175.4 56 168.4 56 160c0-8.8-5-16.1-12-20.3V87.1l66 15.9c-8.6 17.2-14 36.4-14 57 0 70.7 57.3 128 128 128s128-57.3 128-128c0-20.6-5.3-39.8-14-57l96.3-23.2c18.2-4.4 18.2-27.1 0-31.5l-190.4-46c-13-3.1-26.7-3.1-39.7 0L13.6 48.2c-18.1 4.4-18.1 27.2 0 31.6z\"><\/path><\/svg>\t\t\t<\/span>\n\t\t\t\t\t\t\t\t\t<span class=\"elementor-button-text\">2 CME<\/span>\n\t\t\t\t\t<\/span>\n\t\t\t\t\t<\/a>\n\t\t\t\t\t\t\t\t<\/div>\n\t\t\t\t<div class=\"elementor-element elementor-element-4f4884c elementor-align-justify elementor-widget__width-initial elementor-widget elementor-widget-button\" data-id=\"4f4884c\" data-element_type=\"widget\" data-widget_type=\"button.default\">\n\t\t\t\t\t\t\t\t\t\t<a class=\"elementor-button elementor-size-sm\" role=\"button\">\n\t\t\t\t\t\t<span class=\"elementor-button-content-wrapper\">\n\t\t\t\t\t\t<span class=\"elementor-button-icon\">\n\t\t\t\t<svg aria-hidden=\"true\" class=\"e-font-icon-svg e-far-clock\" viewBox=\"0 0 512 512\" xmlns=\"http:\/\/www.w3.org\/2000\/svg\"><path d=\"M256 8C119 8 8 119 8 256s111 248 248 248 248-111 248-248S393 8 256 8zm0 448c-110.5 0-200-89.5-200-200S145.5 56 256 56s200 89.5 200 200-89.5 200-200 200zm61.8-104.4l-84.9-61.7c-3.1-2.3-4.9-5.9-4.9-9.7V116c0-6.6 5.4-12 12-12h32c6.6 0 12 5.4 12 12v141.7l66.8 48.6c5.4 3.9 6.5 11.4 2.6 16.8L334.6 349c-3.9 5.3-11.4 6.5-16.8 2.6z\"><\/path><\/svg>\t\t\t<\/span>\n\t\t\t\t\t\t\t\t\t<span class=\"elementor-button-text\">Duraci\u00f3n del curso: aprox. 45 minutos<\/span>\n\t\t\t\t\t<\/span>\n\t\t\t\t\t<\/a>\n\t\t\t\t\t\t\t\t<\/div>\n\t\t\t\t<div class=\"elementor-element elementor-element-3675e5f elementor-align-justify elementor-widget__width-initial elementor-widget elementor-widget-button\" data-id=\"3675e5f\" data-element_type=\"widget\" data-widget_type=\"button.default\">\n\t\t\t\t\t\t\t\t\t\t<a class=\"elementor-button elementor-size-sm\" role=\"button\">\n\t\t\t\t\t\t<span class=\"elementor-button-content-wrapper\">\n\t\t\t\t\t\t<span class=\"elementor-button-icon\">\n\t\t\t\t<svg aria-hidden=\"true\" class=\"e-font-icon-svg e-fas-headphones-alt\" viewBox=\"0 0 512 512\" xmlns=\"http:\/\/www.w3.org\/2000\/svg\"><path d=\"M160 288h-16c-35.35 0-64 28.7-64 64.12v63.76c0 35.41 28.65 64.12 64 64.12h16c17.67 0 32-14.36 32-32.06V320.06c0-17.71-14.33-32.06-32-32.06zm208 0h-16c-17.67 0-32 14.35-32 32.06v127.88c0 17.7 14.33 32.06 32 32.06h16c35.35 0 64-28.71 64-64.12v-63.76c0-35.41-28.65-64.12-64-64.12zM256 32C112.91 32 4.57 151.13 0 288v112c0 8.84 7.16 16 16 16h16c8.84 0 16-7.16 16-16V288c0-114.67 93.33-207.8 208-207.82 114.67.02 208 93.15 208 207.82v112c0 8.84 7.16 16 16 16h16c8.84 0 16-7.16 16-16V288C507.43 151.13 399.09 32 256 32z\"><\/path><\/svg>\t\t\t<\/span>\n\t\t\t\t\t\t\t\t\t<span class=\"elementor-button-text\">Compatible con audio<\/span>\n\t\t\t\t\t<\/span>\n\t\t\t\t\t<\/a>\n\t\t\t\t\t\t\t\t<\/div>\n\t\t\t\t<\/div>\n\t\t\t\t<div class=\"elementor-element elementor-element-8caa7d7 elementor-widget elementor-widget-button\" data-id=\"8caa7d7\" data-element_type=\"widget\" data-widget_type=\"button.default\">\n\t\t\t\t\t\t\t\t\t\t<a class=\"elementor-button elementor-button-link elementor-size-sm\" href=\"https:\/\/bowa.academymaker.de\/#\/\" target=\"_blank\">\n\t\t\t\t\t\t<span class=\"elementor-button-content-wrapper\">\n\t\t\t\t\t\t\t\t\t<span class=\"elementor-button-text\">Inscripci\u00f3n para electrocirug\u00eda (formaci\u00f3n CME)<\/span>\n\t\t\t\t\t<\/span>\n\t\t\t\t\t<\/a>\n\t\t\t\t\t\t\t\t<\/div>\n\t\t\t\t\t<\/div>\n\t\t\t\t<\/div>\n\t\t<div class=\"elementor-element elementor-element-546f53b e-flex e-con-boxed e-con e-parent\" data-id=\"546f53b\" data-element_type=\"container\">\n\t\t\t\t\t<div class=\"e-con-inner\">\n\t\t\t\t<div class=\"elementor-element elementor-element-b871774 elementor-widget elementor-widget-heading\" data-id=\"b871774\" data-element_type=\"widget\" data-widget_type=\"heading.default\">\n\t\t\t\t\t<h2 class=\"elementor-heading-title elementor-size-default\">Benef\u00edciese de los conocimientos especializados de los expertos en el campo de la electrocirug\u00eda\n<\/h2>\t\t\t\t<\/div>\n\t\t\t\t<div class=\"elementor-element elementor-element-9a08be1 elementor-widget elementor-widget-text-editor\" data-id=\"9a08be1\" data-element_type=\"widget\" data-widget_type=\"text-editor.default\">\n\t\t\t\t\t\t\t\t\t<p class=\"elementor-heading-title elementor-size-default\">Ampl\u00ede sus conocimientos y adquiera confianza en la aplicaci\u00f3n.<\/p>\t\t\t\t\t\t\t\t<\/div>\n\t\t<div class=\"elementor-element elementor-element-e159e3b e-con-full e-flex e-con e-child\" data-id=\"e159e3b\" data-element_type=\"container\">\n\t\t\t\t<div class=\"elementor-element elementor-element-3678737 elementor-align-center elementor-mobile-align-center elementor-icon-list--layout-traditional elementor-list-item-link-full_width elementor-widget elementor-widget-icon-list\" data-id=\"3678737\" data-element_type=\"widget\" data-widget_type=\"icon-list.default\">\n\t\t\t\t\t\t\t<ul class=\"elementor-icon-list-items\">\n\t\t\t\t\t\t\t<li class=\"elementor-icon-list-item\">\n\t\t\t\t\t\t\t\t\t\t\t<span class=\"elementor-icon-list-icon\">\n\t\t\t\t\t\t\t<svg aria-hidden=\"true\" class=\"e-font-icon-svg e-fas-graduation-cap\" viewBox=\"0 0 640 512\" xmlns=\"http:\/\/www.w3.org\/2000\/svg\"><path d=\"M622.34 153.2L343.4 67.5c-15.2-4.67-31.6-4.67-46.79 0L17.66 153.2c-23.54 7.23-23.54 38.36 0 45.59l48.63 14.94c-10.67 13.19-17.23 29.28-17.88 46.9C38.78 266.15 32 276.11 32 288c0 10.78 5.68 19.85 13.86 25.65L20.33 428.53C18.11 438.52 25.71 448 35.94 448h56.11c10.24 0 17.84-9.48 15.62-19.47L82.14 313.65C90.32 307.85 96 298.78 96 288c0-11.57-6.47-21.25-15.66-26.87.76-15.02 8.44-28.3 20.69-36.72L296.6 284.5c9.06 2.78 26.44 6.25 46.79 0l278.95-85.7c23.55-7.24 23.55-38.36 0-45.6zM352.79 315.09c-28.53 8.76-52.84 3.92-65.59 0l-145.02-44.55L128 384c0 35.35 85.96 64 192 64s192-28.65 192-64l-14.18-113.47-145.03 44.56z\"><\/path><\/svg>\t\t\t\t\t\t<\/span>\n\t\t\t\t\t\t\t\t\t\t<span class=\"elementor-icon-list-text\"><b>Certificaci\u00f3n: <\/b>Tras superar el examen<\/span>\n\t\t\t\t\t\t\t\t\t<\/li>\n\t\t\t\t\t\t\t\t<li class=\"elementor-icon-list-item\">\n\t\t\t\t\t\t\t\t\t\t\t<span class=\"elementor-icon-list-icon\">\n\t\t\t\t\t\t\t<svg aria-hidden=\"true\" class=\"e-font-icon-svg e-fas-globe-americas\" viewBox=\"0 0 496 512\" xmlns=\"http:\/\/www.w3.org\/2000\/svg\"><path d=\"M248 8C111.03 8 0 119.03 0 256s111.03 248 248 248 248-111.03 248-248S384.97 8 248 8zm82.29 357.6c-3.9 3.88-7.99 7.95-11.31 11.28-2.99 3-5.1 6.7-6.17 10.71-1.51 5.66-2.73 11.38-4.77 16.87l-17.39 46.85c-13.76 3-28 4.69-42.65 4.69v-27.38c1.69-12.62-7.64-36.26-22.63-51.25-6-6-9.37-14.14-9.37-22.63v-32.01c0-11.64-6.27-22.34-16.46-27.97-14.37-7.95-34.81-19.06-48.81-26.11-11.48-5.78-22.1-13.14-31.65-21.75l-.8-.72a114.792 114.792 0 0 1-18.06-20.74c-9.38-13.77-24.66-36.42-34.59-51.14 20.47-45.5 57.36-82.04 103.2-101.89l24.01 12.01C203.48 89.74 216 82.01 216 70.11v-11.3c7.99-1.29 16.12-2.11 24.39-2.42l28.3 28.3c6.25 6.25 6.25 16.38 0 22.63L264 112l-10.34 10.34c-3.12 3.12-3.12 8.19 0 11.31l4.69 4.69c3.12 3.12 3.12 8.19 0 11.31l-8 8a8.008 8.008 0 0 1-5.66 2.34h-8.99c-2.08 0-4.08.81-5.58 2.27l-9.92 9.65a8.008 8.008 0 0 0-1.58 9.31l15.59 31.19c2.66 5.32-1.21 11.58-7.15 11.58h-5.64c-1.93 0-3.79-.7-5.24-1.96l-9.28-8.06a16.017 16.017 0 0 0-15.55-3.1l-31.17 10.39a11.95 11.95 0 0 0-8.17 11.34c0 4.53 2.56 8.66 6.61 10.69l11.08 5.54c9.41 4.71 19.79 7.16 30.31 7.16s22.59 27.29 32 32h66.75c8.49 0 16.62 3.37 22.63 9.37l13.69 13.69a30.503 30.503 0 0 1 8.93 21.57 46.536 46.536 0 0 1-13.72 32.98zM417 274.25c-5.79-1.45-10.84-5-14.15-9.97l-17.98-26.97a23.97 23.97 0 0 1 0-26.62l19.59-29.38c2.32-3.47 5.5-6.29 9.24-8.15l12.98-6.49C440.2 193.59 448 223.87 448 256c0 8.67-.74 17.16-1.82 25.54L417 274.25z\"><\/path><\/svg>\t\t\t\t\t\t<\/span>\n\t\t\t\t\t\t\t\t\t\t<span class=\"elementor-icon-list-text\"><b>Multilingual:<\/b> DE, EN<\/span>\n\t\t\t\t\t\t\t\t\t<\/li>\n\t\t\t\t\t\t<\/ul>\n\t\t\t\t\t\t<\/div>\n\t\t\t\t<\/div>\n\t\t\t\t<div class=\"elementor-element elementor-element-a08ad15 elementor-widget elementor-widget-text-editor\" data-id=\"a08ad15\" data-element_type=\"widget\" data-widget_type=\"text-editor.default\">\n\t\t\t\t\t\t\t\t\t<p><span data-teams=\"true\"><span class=\"ui-provider a b c d e f g h i j k l m n o p q r s t u v w x y z ab ac ae af ag ah ai aj ak\" dir=\"ltr\">Aprende todo lo que necesita saber sobre la cirug\u00eda de alta frecuencia con Dr. Sascha Chopra quien ense\u00f1a todo sobre la electrocirug\u00eda desde sus inicios hist\u00f3ricos hasta las t\u00e9cnicas modernas y posibles complicaciones. En este curso de formaci\u00f3n online, aprender\u00e1 los principios f\u00edsicos, diferentes procedimientos quir\u00fargicos y el manejo seguro de electrodos neutros y marcapasos, con el fin de garantizar una aplicaci\u00f3n eficaz y seguro en la pr\u00e1ctica. Este curso de formaci\u00f3n online con evaluaci\u00f3n del aprendizaje se valora con 2 puntos CME*.   <\/span><\/span><\/p>\t\t\t\t\t\t\t\t<\/div>\n\t\t\t\t<div class=\"elementor-element elementor-element-dfa801d elementor-align-center elementor-widget-mobile__width-initial elementor-widget elementor-widget-button\" data-id=\"dfa801d\" data-element_type=\"widget\" data-widget_type=\"button.default\">\n\t\t\t\t\t\t\t\t\t\t<a class=\"elementor-button elementor-button-link elementor-size-sm\" href=\"https:\/\/bowa.academymaker.de\/#\/\" target=\"_blank\">\n\t\t\t\t\t\t<span class=\"elementor-button-content-wrapper\">\n\t\t\t\t\t\t\t\t\t<span class=\"elementor-button-text\">Inscripci\u00f3n para electrocirug\u00eda (formaci\u00f3n CME)<\/span>\n\t\t\t\t\t<\/span>\n\t\t\t\t\t<\/a>\n\t\t\t\t\t\t\t\t<\/div>\n\t\t\t\t\t<\/div>\n\t\t\t\t<\/div>\n\t\t<div class=\"elementor-element elementor-element-5fabf53 e-flex e-con-boxed e-con e-parent\" data-id=\"5fabf53\" data-element_type=\"container\">\n\t\t\t\t\t<div class=\"e-con-inner\">\n\t\t\t\t<div class=\"elementor-element elementor-element-e5f95be elementor-skin-carousel elementor-pagination-type-bullets elementor-pagination-position-outside elementor-widget elementor-widget-media-carousel\" data-id=\"e5f95be\" data-element_type=\"widget\" data-settings=\"{&quot;slides_per_view_tablet&quot;:&quot;2&quot;,&quot;autoplay_speed&quot;:3000,&quot;skin&quot;:&quot;carousel&quot;,&quot;effect&quot;:&quot;slide&quot;,&quot;pagination&quot;:&quot;bullets&quot;,&quot;speed&quot;:500,&quot;autoplay&quot;:&quot;yes&quot;,&quot;loop&quot;:&quot;yes&quot;,&quot;pause_on_hover&quot;:&quot;yes&quot;,&quot;pause_on_interaction&quot;:&quot;yes&quot;,&quot;space_between&quot;:{&quot;unit&quot;:&quot;px&quot;,&quot;size&quot;:10,&quot;sizes&quot;:[]},&quot;space_between_tablet&quot;:{&quot;unit&quot;:&quot;px&quot;,&quot;size&quot;:10,&quot;sizes&quot;:[]},&quot;space_between_mobile&quot;:{&quot;unit&quot;:&quot;px&quot;,&quot;size&quot;:10,&quot;sizes&quot;:[]}}\" data-widget_type=\"media-carousel.default\">\n\t\t\t\t\t\t\t\t\t\t<div class=\"elementor-main-swiper swiper\" role=\"region\" aria-roledescription=\"carousel\" aria-label=\"Diapositivas\">\n\t\t\t\t<div class=\"swiper-wrapper\">\n\t\t\t\t\t\t\t\t\t\t\t<div class=\"swiper-slide\" role=\"group\" aria-roledescription=\"slide\">\n\t\t\t\t\t\t\t<a href=\"https:\/\/bowa-academy.com\/wp-content\/uploads\/2024\/09\/bowa-academy-e-learning-elektrochirurgie-cme-1.webp\" data-elementor-open-lightbox=\"yes\" data-elementor-lightbox-slideshow=\"e5f95be\" data-elementor-lightbox-title=\"bowa-academy-e-learning-elektrochirurgie-cme-1\" data-e-action-hash=\"#elementor-action%3Aaction%3Dlightbox%26settings%3DeyJpZCI6NDg4NSwidXJsIjoiaHR0cHM6XC9cL2Jvd2EtYWNhZGVteS5jb21cL3dwLWNvbnRlbnRcL3VwbG9hZHNcLzIwMjRcLzA5XC9ib3dhLWFjYWRlbXktZS1sZWFybmluZy1lbGVrdHJvY2hpcnVyZ2llLWNtZS0xLndlYnAiLCJzbGlkZXNob3ciOiJlNWY5NWJlIn0%3D\">\t\t<div class=\"elementor-carousel-image\" role=\"img\" aria-label=\"bowa-academy-e-learning-elektrochirurgie-cme-1\" style=\"background-image: url(&#039;https:\/\/bowa-academy.com\/wp-content\/uploads\/2024\/09\/bowa-academy-e-learning-elektrochirurgie-cme-1.webp&#039;)\">\n\n\t\t\t\n\t\t\t\t\t<\/div>\n\t\t<\/a>\t\t\t\t\t\t<\/div>\n\t\t\t\t\t\t\t\t\t\t\t<div class=\"swiper-slide\" role=\"group\" aria-roledescription=\"slide\">\n\t\t\t\t\t\t\t<a href=\"https:\/\/bowa-academy.com\/wp-content\/uploads\/2024\/09\/bowa-academy-e-learning-elektrochirurgie-cme-2.webp\" data-elementor-open-lightbox=\"yes\" data-elementor-lightbox-slideshow=\"e5f95be\" data-elementor-lightbox-title=\"bowa-academy-e-learning-elektrochirurgie-cme-2\" data-e-action-hash=\"#elementor-action%3Aaction%3Dlightbox%26settings%3DeyJpZCI6NDg4NiwidXJsIjoiaHR0cHM6XC9cL2Jvd2EtYWNhZGVteS5jb21cL3dwLWNvbnRlbnRcL3VwbG9hZHNcLzIwMjRcLzA5XC9ib3dhLWFjYWRlbXktZS1sZWFybmluZy1lbGVrdHJvY2hpcnVyZ2llLWNtZS0yLndlYnAiLCJzbGlkZXNob3ciOiJlNWY5NWJlIn0%3D\">\t\t<div class=\"elementor-carousel-image\" role=\"img\" aria-label=\"bowa-academy-e-learning-elektrochirurgie-cme-2\" style=\"background-image: url(&#039;https:\/\/bowa-academy.com\/wp-content\/uploads\/2024\/09\/bowa-academy-e-learning-elektrochirurgie-cme-2.webp&#039;)\">\n\n\t\t\t\n\t\t\t\t\t<\/div>\n\t\t<\/a>\t\t\t\t\t\t<\/div>\n\t\t\t\t\t\t\t\t\t\t\t<div class=\"swiper-slide\" role=\"group\" aria-roledescription=\"slide\">\n\t\t\t\t\t\t\t<a href=\"https:\/\/bowa-academy.com\/wp-content\/uploads\/2024\/09\/bowa-academy-e-learning-elektrochirurgie-cme-3.webp\" data-elementor-open-lightbox=\"yes\" data-elementor-lightbox-slideshow=\"e5f95be\" data-elementor-lightbox-title=\"bowa-academy-e-learning-elektrochirurgie-cme-3\" data-e-action-hash=\"#elementor-action%3Aaction%3Dlightbox%26settings%3DeyJpZCI6NDg4NywidXJsIjoiaHR0cHM6XC9cL2Jvd2EtYWNhZGVteS5jb21cL3dwLWNvbnRlbnRcL3VwbG9hZHNcLzIwMjRcLzA5XC9ib3dhLWFjYWRlbXktZS1sZWFybmluZy1lbGVrdHJvY2hpcnVyZ2llLWNtZS0zLndlYnAiLCJzbGlkZXNob3ciOiJlNWY5NWJlIn0%3D\">\t\t<div class=\"elementor-carousel-image\" role=\"img\" aria-label=\"bowa-academy-e-learning-elektrochirurgie-cme-3\" style=\"background-image: url(&#039;https:\/\/bowa-academy.com\/wp-content\/uploads\/2024\/09\/bowa-academy-e-learning-elektrochirurgie-cme-3.webp&#039;)\">\n\n\t\t\t\n\t\t\t\t\t<\/div>\n\t\t<\/a>\t\t\t\t\t\t<\/div>\n\t\t\t\t\t\t\t\t\t\t\t<div class=\"swiper-slide\" role=\"group\" aria-roledescription=\"slide\">\n\t\t\t\t\t\t\t<a href=\"https:\/\/bowa-academy.com\/wp-content\/uploads\/2024\/09\/bowa-academy-e-learning-elektrochirurgie-cme-4.webp\" data-elementor-open-lightbox=\"yes\" data-elementor-lightbox-slideshow=\"e5f95be\" data-elementor-lightbox-title=\"bowa-academy-e-learning-elektrochirurgie-cme-4\" data-e-action-hash=\"#elementor-action%3Aaction%3Dlightbox%26settings%3DeyJpZCI6NDg4MywidXJsIjoiaHR0cHM6XC9cL2Jvd2EtYWNhZGVteS5jb21cL3dwLWNvbnRlbnRcL3VwbG9hZHNcLzIwMjRcLzA5XC9ib3dhLWFjYWRlbXktZS1sZWFybmluZy1lbGVrdHJvY2hpcnVyZ2llLWNtZS00LndlYnAiLCJzbGlkZXNob3ciOiJlNWY5NWJlIn0%3D\">\t\t<div class=\"elementor-carousel-image\" role=\"img\" aria-label=\"bowa-academy-e-learning-elektrochirurgie-cme-4\" style=\"background-image: url(&#039;https:\/\/bowa-academy.com\/wp-content\/uploads\/2024\/09\/bowa-academy-e-learning-elektrochirurgie-cme-4.webp&#039;)\">\n\n\t\t\t\n\t\t\t\t\t<\/div>\n\t\t<\/a>\t\t\t\t\t\t<\/div>\n\t\t\t\t\t\t\t\t\t\t\t<div class=\"swiper-slide\" role=\"group\" aria-roledescription=\"slide\">\n\t\t\t\t\t\t\t<a href=\"https:\/\/bowa-academy.com\/wp-content\/uploads\/2024\/09\/bowa-academy-e-learning-elektrochirurgie-cme-5.webp\" data-elementor-open-lightbox=\"yes\" data-elementor-lightbox-slideshow=\"e5f95be\" data-elementor-lightbox-title=\"bowa-academy-e-learning-elektrochirurgie-cme-5\" data-e-action-hash=\"#elementor-action%3Aaction%3Dlightbox%26settings%3DeyJpZCI6NDg4NCwidXJsIjoiaHR0cHM6XC9cL2Jvd2EtYWNhZGVteS5jb21cL3dwLWNvbnRlbnRcL3VwbG9hZHNcLzIwMjRcLzA5XC9ib3dhLWFjYWRlbXktZS1sZWFybmluZy1lbGVrdHJvY2hpcnVyZ2llLWNtZS01LndlYnAiLCJzbGlkZXNob3ciOiJlNWY5NWJlIn0%3D\">\t\t<div class=\"elementor-carousel-image\" role=\"img\" aria-label=\"bowa-academy-e-learning-elektrochirurgie-cme-5\" style=\"background-image: url(&#039;https:\/\/bowa-academy.com\/wp-content\/uploads\/2024\/09\/bowa-academy-e-learning-elektrochirurgie-cme-5.webp&#039;)\">\n\n\t\t\t\n\t\t\t\t\t<\/div>\n\t\t<\/a>\t\t\t\t\t\t<\/div>\n\t\t\t\t\t\t\t\t\t<\/div>\n\t\t\t\t\t\t\t\t\t\t\t\t\t\t\t\t\t\t\t\t<div class=\"swiper-pagination\"><\/div>\n\t\t\t\t\t\t\t\t\t\t\t\t<\/div>\n\t\t\t\t\t\t\t\t<\/div>\n\t\t\t\t\t<\/div>\n\t\t\t\t<\/div>\n\t\t\t\t<\/div>\n\t\t","protected":false},"excerpt":{"rendered":"<p>Capacitaci\u00f3n CME de electrocirug\u00eda Curso CME online para m\u00e9dicos 2 CME Duraci\u00f3n del curso: aprox. 45 minutos Compatible con audio [&hellip;]<\/p>\n","protected":false},"author":1,"featured_media":0,"parent":4464,"menu_order":0,"comment_status":"closed","ping_status":"closed","template":"","meta":{"site-sidebar-layout":"no-sidebar","site-content-layout":"","ast-site-content-layout":"full-width-container","site-content-style":"default","site-sidebar-style":"default","ast-global-header-display":"","ast-banner-title-visibility":"","ast-main-header-display":"","ast-hfb-above-header-display":"","ast-hfb-below-header-display":"","ast-hfb-mobile-header-display":"","site-post-title":"disabled","ast-breadcrumbs-content":"","ast-featured-img":"disabled","footer-sml-layout":"","theme-transparent-header-meta":"disabled","adv-header-id-meta":"","stick-header-meta":"","header-above-stick-meta":"","header-main-stick-meta":"","header-below-stick-meta":"","astra-migrate-meta-layouts":"default","ast-page-background-enabled":"default","ast-page-background-meta":{"desktop":{"background-color":"var(--ast-global-color-4)","background-image":"","background-repeat":"repeat","background-position":"center center","background-size":"auto","background-attachment":"scroll","background-type":"","background-media":"","overlay-type":"","overlay-color":"","overlay-opacity":"","overlay-gradient":""},"tablet":{"background-color":"","background-image":"","background-repeat":"repeat","background-position":"center center","background-size":"auto","background-attachment":"scroll","background-type":"","background-media":"","overlay-type":"","overlay-color":"","overlay-opacity":"","overlay-gradient":""},"mobile":{"background-color":"","background-image":"","background-repeat":"repeat","background-position":"center center","background-size":"auto","background-attachment":"scroll","background-type":"","background-media":"","overlay-type":"","overlay-color":"","overlay-opacity":"","overlay-gradient":""}},"ast-content-background-meta":{"desktop":{"background-color":"var(--ast-global-color-5)","background-image":"","background-repeat":"repeat","background-position":"center center","background-size":"auto","background-attachment":"scroll","background-type":"","background-media":"","overlay-type":"","overlay-color":"","overlay-opacity":"","overlay-gradient":""},"tablet":{"background-color":"var(--ast-global-color-5)","background-image":"","background-repeat":"repeat","background-position":"center center","background-size":"auto","background-attachment":"scroll","background-type":"","background-media":"","overlay-type":"","overlay-color":"","overlay-opacity":"","overlay-gradient":""},"mobile":{"background-color":"var(--ast-global-color-5)","background-image":"","background-repeat":"repeat","background-position":"center center","background-size":"auto","background-attachment":"scroll","background-type":"","background-media":"","overlay-type":"","overlay-color":"","overlay-opacity":"","overlay-gradient":""}},"slim_seo":{"title":"Formaci\u00f3n CME: Datos interesantes sobre la electrocirug\u00eda","description":"En este curso de formaci\u00f3n, aprender\u00e1 los principios f\u00edsicos, diversos procedimientos quir\u00fargicos y el uso de electrodos neutros \/ marcapasos."},"footnotes":""},"class_list":["post-4882","page","type-page","status-publish","hentry"],"_links":{"self":[{"href":"https:\/\/bowa-academy.com\/es\/wp-json\/wp\/v2\/pages\/4882","targetHints":{"allow":["GET"]}}],"collection":[{"href":"https:\/\/bowa-academy.com\/es\/wp-json\/wp\/v2\/pages"}],"about":[{"href":"https:\/\/bowa-academy.com\/es\/wp-json\/wp\/v2\/types\/page"}],"author":[{"embeddable":true,"href":"https:\/\/bowa-academy.com\/es\/wp-json\/wp\/v2\/users\/1"}],"replies":[{"embeddable":true,"href":"https:\/\/bowa-academy.com\/es\/wp-json\/wp\/v2\/comments?post=4882"}],"version-history":[{"count":5,"href":"https:\/\/bowa-academy.com\/es\/wp-json\/wp\/v2\/pages\/4882\/revisions"}],"predecessor-version":[{"id":7061,"href":"https:\/\/bowa-academy.com\/es\/wp-json\/wp\/v2\/pages\/4882\/revisions\/7061"}],"up":[{"embeddable":true,"href":"https:\/\/bowa-academy.com\/es\/wp-json\/wp\/v2\/pages\/4464"}],"wp:attachment":[{"href":"https:\/\/bowa-academy.com\/es\/wp-json\/wp\/v2\/media?parent=4882"}],"curies":[{"name":"wp","href":"https:\/\/api.w.org\/{rel}","templated":true}]}}